{"id":826,"date":"2020-03-24T17:16:25","date_gmt":"2020-03-24T16:16:25","guid":{"rendered":"https:\/\/www.aixplo.fr\/?page_id=826"},"modified":"2023-01-19T08:06:33","modified_gmt":"2023-01-19T07:06:33","slug":"plongee-enfants-jeunes-jeunes-adolescents-aixplo-aix-en-provence-plongee","status":"publish","type":"page","link":"https:\/\/www.aixplo.fr\/?page_id=826","title":{"rendered":"Plong\u00e9e jeunes &#038; ados AixPlo &#8211; Aix-en-Provence Plong\u00e9e"},"content":{"rendered":"<p>[vc_row css_animation=\u00a0\u00bb\u00a0\u00bb row_type=\u00a0\u00bbrow\u00a0\u00bb use_row_as_full_screen_section=\u00a0\u00bbno\u00a0\u00bb type=\u00a0\u00bbgrid\u00a0\u00bb angled_section=\u00a0\u00bbno\u00a0\u00bb text_align=\u00a0\u00bbleft\u00a0\u00bb background_image_as_pattern=\u00a0\u00bbwithout_pattern\u00a0\u00bb css=\u00a0\u00bb.vc_custom_1585064883180{padding-top: 50px !important;padding-bottom: 40px !important;}\u00a0\u00bb z_index=\u00a0\u00bb\u00a0\u00bb][vc_column][vc_column_text]<\/p>\n<h1>Plong\u00e9e jeunes &amp; ados<\/h1>\n<p>[\/vc_column_text][vc_column_text css=\u00a0\u00bb.vc_custom_1673898469409{padding-top: 20px !important;}\u00a0\u00bb]Nous accueillons et assurons la formation pour les jeunes \u00e0 partir de 10 ans.<\/p>\n<p>&nbsp;<\/p>\n<p>La plong\u00e9e jeune est parfaite pour d\u00e9velopper l\u2019aisance aquatique, la confiance en soi, la sociabilisation et l&rsquo;\u00e9cocitoyennet\u00e9. Nous profitons de leur curiosit\u00e9 pour d\u00e9velopper leurs connaissances de l\u2019environnement sous-marin et de la faune m\u00e9diterran\u00e9enne.<\/p>\n<p>Les enfants d\u00e9velopperont une autonomie avec le mat\u00e9riel de plong\u00e9e, le respect des r\u00e8gles de s\u00e9curit\u00e9 tout en s\u2019amusant.<\/p>\n<p>Les formations ont lieu en piscine le vendredi soir au CSU \u00e0 19h30, sauf pendant les vacances scolaires. Les palmes, le masque, le bonnet et le tuba sont obligatoires et non fournis par la club.<\/p>\n<p>Nous associons au programme technique, des cours de biologie marine et de sensibilisation \u00e0 la protection des oc\u00e9ans.<\/p>\n<p>Des plong\u00e9es en mer sont \u00e9galement organis\u00e9es \u00e0 partir du mois de mai (selon la temp\u00e9rature de l\u2019eau). Le mat\u00e9riel sp\u00e9cifique pour la plong\u00e9e respectant leur morphologie est fourni.<\/p>\n<p>Nous leur proposons d\u2019obtenir au d\u00e9but le niveau Plongeur d&rsquo;Argent ou Or, puis \u00e0 partir de 12 ans le PE20.[\/vc_column_text][vc_empty_space height=\u00a0\u00bb50px\u00a0\u00bb][vc_gallery interval=\u00a0\u00bb3&Prime; images=\u00a0\u00bb4255,4257,4258&Prime; img_size=\u00a0\u00bbmedium\u00a0\u00bb][\/vc_column][\/vc_row]<\/p>\n","protected":false},"excerpt":{"rendered":"<p>[vc_row css_animation=\u00a0\u00bb\u00a0\u00bb row_type=\u00a0\u00bbrow\u00a0\u00bb use_row_as_full_screen_section=\u00a0\u00bbno\u00a0\u00bb type=\u00a0\u00bbgrid\u00a0\u00bb angled_section=\u00a0\u00bbno\u00a0\u00bb text_align=\u00a0\u00bbleft\u00a0\u00bb background_image_as_pattern=\u00a0\u00bbwithout_pattern\u00a0\u00bb css=\u00a0\u00bb.vc_custom_1585064883180{padding-top: 50px !important;padding-bottom: 40px !important;}\u00a0\u00bb z_index=\u00a0\u00bb\u00a0\u00bb][vc_column][vc_column_text] Plong\u00e9e jeunes &amp; ados [\/vc_column_text][vc_column_text css=\u00a0\u00bb.vc_custom_1673898469409{padding-top: 20px !important;}\u00a0\u00bb]Nous accueillons et assurons la formation pour les jeunes \u00e0 partir de 10 ans. &nbsp; La plong\u00e9e jeune est parfaite pour d\u00e9velopper l\u2019aisance aquatique, la confiance en soi, la&#8230;<\/p>\n","protected":false},"author":5,"featured_media":0,"parent":0,"menu_order":8,"comment_status":"closed","ping_status":"closed","template":"full_width.php","meta":{"advgb_blocks_editor_width":"","advgb_blocks_columns_visual_guide":"","_monsterinsights_skip_tracking":false,"_monsterinsights_sitenote_active":false,"_monsterinsights_sitenote_note":"","_monsterinsights_sitenote_category":0,"footnotes":""},"class_list":["post-826","page","type-page","status-publish","hentry"],"yoast_head":"<!-- This site is optimized with the Yoast SEO plugin v27.4 - https:\/\/yoast.com\/product\/yoast-seo-wordpress\/ -->\n<title>Plong\u00e9e jeunes &amp; ados AixPlo - Aix-en-Provence Plong\u00e9e - AixPlo - Aix-en-Provence Plong\u00e9e<\/title>\n<meta name=\"description\" content=\"Plong\u00e9es de formation en mer et en piscine sur Aix en Provence, pour les jeunes et les adolescents de 10 \u00e0 16 ans sur Aix en Provence.\" \/>\n<meta name=\"robots\" content=\"index, follow, max-snippet:-1, max-image-preview:large, max-video-preview:-1\" \/>\n<link rel=\"canonical\" href=\"https:\/\/aixplo.fr\/?page_id=826\" \/>\n<meta property=\"og:locale\" content=\"fr_FR\" \/>\n<meta property=\"og:type\" content=\"article\" \/>\n<meta property=\"og:title\" content=\"Plong\u00e9e jeunes &amp; ados AixPlo - Aix-en-Provence Plong\u00e9e - AixPlo - Aix-en-Provence Plong\u00e9e\" \/>\n<meta property=\"og:description\" content=\"Plong\u00e9es de formation en mer et en piscine sur Aix en Provence, pour les jeunes et les adolescents de 10 \u00e0 16 ans sur Aix en Provence.\" \/>\n<meta property=\"og:url\" content=\"https:\/\/aixplo.fr\/?page_id=826\" \/>\n<meta property=\"og:site_name\" content=\"AixPlo - Aix-en-Provence Plong\u00e9e\" \/>\n<meta property=\"article:publisher\" content=\"https:\/\/www.facebook.com\/groups\/616103478484270\" \/>\n<meta property=\"article:modified_time\" content=\"2023-01-19T07:06:33+00:00\" \/>\n<meta property=\"og:image\" content=\"https:\/\/www.aixplo.fr\/wp-content\/uploads\/actualite_aixplo.jpg\" \/>\n\t<meta property=\"og:image:width\" content=\"1030\" \/>\n\t<meta property=\"og:image:height\" content=\"600\" \/>\n\t<meta property=\"og:image:type\" content=\"image\/jpeg\" \/>\n<meta name=\"twitter:card\" content=\"summary_large_image\" \/>\n<meta name=\"twitter:site\" content=\"@AixPlo_Plongee\" \/>\n<meta name=\"twitter:label1\" content=\"Dur\u00e9e de lecture estim\u00e9e\" \/>\n\t<meta name=\"twitter:data1\" content=\"1 minute\" \/>\n<script type=\"application\/ld+json\" class=\"yoast-schema-graph\">{\"@context\":\"https:\\\/\\\/schema.org\",\"@graph\":[{\"@type\":\"WebPage\",\"@id\":\"https:\\\/\\\/aixplo.fr\\\/?page_id=826\",\"url\":\"https:\\\/\\\/aixplo.fr\\\/?page_id=826\",\"name\":\"Plong\u00e9e jeunes & ados AixPlo - Aix-en-Provence Plong\u00e9e - AixPlo - Aix-en-Provence Plong\u00e9e\",\"isPartOf\":{\"@id\":\"https:\\\/\\\/www.aixplo.fr\\\/#website\"},\"datePublished\":\"2020-03-24T16:16:25+00:00\",\"dateModified\":\"2023-01-19T07:06:33+00:00\",\"description\":\"Plong\u00e9es de formation en mer et en piscine sur Aix en Provence, pour les jeunes et les adolescents de 10 \u00e0 16 ans sur Aix en Provence.\",\"breadcrumb\":{\"@id\":\"https:\\\/\\\/aixplo.fr\\\/?page_id=826#breadcrumb\"},\"inLanguage\":\"fr-FR\",\"potentialAction\":[{\"@type\":\"ReadAction\",\"target\":[\"https:\\\/\\\/aixplo.fr\\\/?page_id=826\"]}]},{\"@type\":\"BreadcrumbList\",\"@id\":\"https:\\\/\\\/aixplo.fr\\\/?page_id=826#breadcrumb\",\"itemListElement\":[{\"@type\":\"ListItem\",\"position\":1,\"name\":\"Accueil\",\"item\":\"https:\\\/\\\/www.aixplo.fr\\\/\"},{\"@type\":\"ListItem\",\"position\":2,\"name\":\"Plong\u00e9e jeunes &#038; ados AixPlo &#8211; Aix-en-Provence Plong\u00e9e\"}]},{\"@type\":\"WebSite\",\"@id\":\"https:\\\/\\\/www.aixplo.fr\\\/#website\",\"url\":\"https:\\\/\\\/www.aixplo.fr\\\/\",\"name\":\"AixPlo - Aix-en-Provence Plong\u00e9e\",\"description\":\"\",\"publisher\":{\"@id\":\"https:\\\/\\\/www.aixplo.fr\\\/#organization\"},\"potentialAction\":[{\"@type\":\"SearchAction\",\"target\":{\"@type\":\"EntryPoint\",\"urlTemplate\":\"https:\\\/\\\/www.aixplo.fr\\\/?s={search_term_string}\"},\"query-input\":{\"@type\":\"PropertyValueSpecification\",\"valueRequired\":true,\"valueName\":\"search_term_string\"}}],\"inLanguage\":\"fr-FR\"},{\"@type\":\"Organization\",\"@id\":\"https:\\\/\\\/www.aixplo.fr\\\/#organization\",\"name\":\"AixPlo Aix-en-Provence Plong\u00e9e\",\"url\":\"https:\\\/\\\/www.aixplo.fr\\\/\",\"logo\":{\"@type\":\"ImageObject\",\"inLanguage\":\"fr-FR\",\"@id\":\"https:\\\/\\\/www.aixplo.fr\\\/#\\\/schema\\\/logo\\\/image\\\/\",\"url\":\"https:\\\/\\\/aixplo.fr\\\/wp-content\\\/uploads\\\/logo_aixplo.png\",\"contentUrl\":\"https:\\\/\\\/aixplo.fr\\\/wp-content\\\/uploads\\\/logo_aixplo.png\",\"width\":300,\"height\":300,\"caption\":\"AixPlo Aix-en-Provence Plong\u00e9e\"},\"image\":{\"@id\":\"https:\\\/\\\/www.aixplo.fr\\\/#\\\/schema\\\/logo\\\/image\\\/\"},\"sameAs\":[\"https:\\\/\\\/www.facebook.com\\\/groups\\\/616103478484270\",\"https:\\\/\\\/x.com\\\/AixPlo_Plongee\",\"https:\\\/\\\/www.instagram.com\\\/aixplo.asso\",\"https:\\\/\\\/www.youtube.com\\\/channel\\\/UCgGbHJPu2zRfOyX09x-v16Q\"]}]}<\/script>\n<!-- \/ Yoast SEO plugin. -->","yoast_head_json":{"title":"Plong\u00e9e jeunes & ados AixPlo - Aix-en-Provence Plong\u00e9e - AixPlo - Aix-en-Provence Plong\u00e9e","description":"Plong\u00e9es de formation en mer et en piscine sur Aix en Provence, pour les jeunes et les adolescents de 10 \u00e0 16 ans sur Aix en Provence.","robots":{"index":"index","follow":"follow","max-snippet":"max-snippet:-1","max-image-preview":"max-image-preview:large","max-video-preview":"max-video-preview:-1"},"canonical":"https:\/\/aixplo.fr\/?page_id=826","og_locale":"fr_FR","og_type":"article","og_title":"Plong\u00e9e jeunes & ados AixPlo - Aix-en-Provence Plong\u00e9e - AixPlo - Aix-en-Provence Plong\u00e9e","og_description":"Plong\u00e9es de formation en mer et en piscine sur Aix en Provence, pour les jeunes et les adolescents de 10 \u00e0 16 ans sur Aix en Provence.","og_url":"https:\/\/aixplo.fr\/?page_id=826","og_site_name":"AixPlo - Aix-en-Provence Plong\u00e9e","article_publisher":"https:\/\/www.facebook.com\/groups\/616103478484270","article_modified_time":"2023-01-19T07:06:33+00:00","og_image":[{"width":1030,"height":600,"url":"https:\/\/www.aixplo.fr\/wp-content\/uploads\/actualite_aixplo.jpg","type":"image\/jpeg"}],"twitter_card":"summary_large_image","twitter_site":"@AixPlo_Plongee","twitter_misc":{"Dur\u00e9e de lecture estim\u00e9e":"1 minute"},"schema":{"@context":"https:\/\/schema.org","@graph":[{"@type":"WebPage","@id":"https:\/\/aixplo.fr\/?page_id=826","url":"https:\/\/aixplo.fr\/?page_id=826","name":"Plong\u00e9e jeunes & ados AixPlo - Aix-en-Provence Plong\u00e9e - AixPlo - Aix-en-Provence Plong\u00e9e","isPartOf":{"@id":"https:\/\/www.aixplo.fr\/#website"},"datePublished":"2020-03-24T16:16:25+00:00","dateModified":"2023-01-19T07:06:33+00:00","description":"Plong\u00e9es de formation en mer et en piscine sur Aix en Provence, pour les jeunes et les adolescents de 10 \u00e0 16 ans sur Aix en Provence.","breadcrumb":{"@id":"https:\/\/aixplo.fr\/?page_id=826#breadcrumb"},"inLanguage":"fr-FR","potentialAction":[{"@type":"ReadAction","target":["https:\/\/aixplo.fr\/?page_id=826"]}]},{"@type":"BreadcrumbList","@id":"https:\/\/aixplo.fr\/?page_id=826#breadcrumb","itemListElement":[{"@type":"ListItem","position":1,"name":"Accueil","item":"https:\/\/www.aixplo.fr\/"},{"@type":"ListItem","position":2,"name":"Plong\u00e9e jeunes &#038; ados AixPlo &#8211; Aix-en-Provence Plong\u00e9e"}]},{"@type":"WebSite","@id":"https:\/\/www.aixplo.fr\/#website","url":"https:\/\/www.aixplo.fr\/","name":"AixPlo - Aix-en-Provence Plong\u00e9e","description":"","publisher":{"@id":"https:\/\/www.aixplo.fr\/#organization"},"potentialAction":[{"@type":"SearchAction","target":{"@type":"EntryPoint","urlTemplate":"https:\/\/www.aixplo.fr\/?s={search_term_string}"},"query-input":{"@type":"PropertyValueSpecification","valueRequired":true,"valueName":"search_term_string"}}],"inLanguage":"fr-FR"},{"@type":"Organization","@id":"https:\/\/www.aixplo.fr\/#organization","name":"AixPlo Aix-en-Provence Plong\u00e9e","url":"https:\/\/www.aixplo.fr\/","logo":{"@type":"ImageObject","inLanguage":"fr-FR","@id":"https:\/\/www.aixplo.fr\/#\/schema\/logo\/image\/","url":"https:\/\/aixplo.fr\/wp-content\/uploads\/logo_aixplo.png","contentUrl":"https:\/\/aixplo.fr\/wp-content\/uploads\/logo_aixplo.png","width":300,"height":300,"caption":"AixPlo Aix-en-Provence Plong\u00e9e"},"image":{"@id":"https:\/\/www.aixplo.fr\/#\/schema\/logo\/image\/"},"sameAs":["https:\/\/www.facebook.com\/groups\/616103478484270","https:\/\/x.com\/AixPlo_Plongee","https:\/\/www.instagram.com\/aixplo.asso","https:\/\/www.youtube.com\/channel\/UCgGbHJPu2zRfOyX09x-v16Q"]}]}},"coauthors":[],"author_meta":{"author_link":"https:\/\/www.aixplo.fr\/?author=5","display_name":"Olivier"},"relative_dates":{"created":"Publi\u00e9 6 ans il y a","modified":"Mis \u00e0 jour 3 ans il y a"},"absolute_dates":{"created":"Publi\u00e9 le 24 mars 2020","modified":"Mise \u00e0 jour le 19 janvier 2023"},"absolute_dates_time":{"created":"Publi\u00e9 le 24 mars 2020 17 h 16 min","modified":"Mise \u00e0 jour le 19 janvier 2023 8 h 06 min"},"featured_img_caption":"","featured_img":false,"series_order":"","_links":{"self":[{"href":"https:\/\/www.aixplo.fr\/index.php?rest_route=\/wp\/v2\/pages\/826","targetHints":{"allow":["GET"]}}],"collection":[{"href":"https:\/\/www.aixplo.fr\/index.php?rest_route=\/wp\/v2\/pages"}],"about":[{"href":"https:\/\/www.aixplo.fr\/index.php?rest_route=\/wp\/v2\/types\/page"}],"author":[{"embeddable":true,"href":"https:\/\/www.aixplo.fr\/index.php?rest_route=\/wp\/v2\/users\/5"}],"replies":[{"embeddable":true,"href":"https:\/\/www.aixplo.fr\/index.php?rest_route=%2Fwp%2Fv2%2Fcomments&post=826"}],"version-history":[{"count":19,"href":"https:\/\/www.aixplo.fr\/index.php?rest_route=\/wp\/v2\/pages\/826\/revisions"}],"predecessor-version":[{"id":4259,"href":"https:\/\/www.aixplo.fr\/index.php?rest_route=\/wp\/v2\/pages\/826\/revisions\/4259"}],"wp:attachment":[{"href":"https:\/\/www.aixplo.fr\/index.php?rest_route=%2Fwp%2Fv2%2Fmedia&parent=826"}],"curies":[{"name":"wp","href":"https:\/\/api.w.org\/{rel}","templated":true}]}}