{"id":822,"date":"2020-03-24T17:14:18","date_gmt":"2020-03-24T16:14:18","guid":{"rendered":"https:\/\/www.aixplo.fr\/?page_id=822"},"modified":"2025-12-15T08:15:12","modified_gmt":"2025-12-15T07:15:12","slug":"inscription-adhesion-club-plongee","status":"publish","type":"page","link":"https:\/\/www.aixplo.fr\/?page_id=822","title":{"rendered":"Les documents utiles AixPlo &#8211; Aix-en-Provence Plong\u00e9e"},"content":{"rendered":"<p>[vc_row css_animation=\u00a0\u00bb\u00a0\u00bb row_type=\u00a0\u00bbrow\u00a0\u00bb use_row_as_full_screen_section=\u00a0\u00bbno\u00a0\u00bb type=\u00a0\u00bbgrid\u00a0\u00bb angled_section=\u00a0\u00bbno\u00a0\u00bb text_align=\u00a0\u00bbleft\u00a0\u00bb background_image_as_pattern=\u00a0\u00bbwithout_pattern\u00a0\u00bb css=\u00a0\u00bb.vc_custom_1585739922380{padding-top: 50px !important;padding-bottom: 20px !important;}\u00a0\u00bb z_index=\u00a0\u00bb\u00a0\u00bb][vc_column][vc_column_text]<\/p>\n<h1>Les documents et formulaires utiles du club.<\/h1>\n<p>[\/vc_column_text][\/vc_column][\/vc_row][vc_row css_animation=\u00a0\u00bb\u00a0\u00bb row_type=\u00a0\u00bbrow\u00a0\u00bb use_row_as_full_screen_section=\u00a0\u00bbno\u00a0\u00bb type=\u00a0\u00bbgrid\u00a0\u00bb angled_section=\u00a0\u00bbno\u00a0\u00bb text_align=\u00a0\u00bbleft\u00a0\u00bb background_image_as_pattern=\u00a0\u00bbwithout_pattern\u00a0\u00bb css=\u00a0\u00bb.vc_custom_1585761782616{padding-bottom: 50px !important;}\u00a0\u00bb z_index=\u00a0\u00bb\u00a0\u00bb][vc_column][vc_column_text css=\u00a0\u00bb.vc_custom_1721280940416{padding-top: 20px !important;}\u00a0\u00bb]Pour toutes les nouvelles inscriptions&#160;:<\/p>\n<p>Vous trouverez ci-dessous l&rsquo;ensemble des documents et des attestations que vous devez compl\u00e9ter et nous remettre rapidement afin de valider celle-ci. Pour plus d&rsquo;efficacit\u00e9 et de simplicit\u00e9, vous avez aussi la possibilit\u00e9 de faire votre <a href=\"https:\/\/www.aixplo.fr\/?page_id=3564\" target=\"_self\" rel=\"noopener noreferrer\">demande d&rsquo;inscription en ligne via le formulaire<\/a> d\u00e9di\u00e9 \u00e0 cet effet (cliquez sur le lien).<\/p>\n<p>Chaque ann\u00e9e nos places sont limit\u00e9es aussi seuls les dossiers complets pourront \u00eatre pris en compte.[\/vc_column_text][\/vc_column][\/vc_row][vc_row css_animation=\u00a0\u00bb\u00a0\u00bb row_type=\u00a0\u00bbrow\u00a0\u00bb use_row_as_full_screen_section=\u00a0\u00bbno\u00a0\u00bb type=\u00a0\u00bbgrid\u00a0\u00bb angled_section=\u00a0\u00bbno\u00a0\u00bb text_align=\u00a0\u00bbcenter\u00a0\u00bb background_image_as_pattern=\u00a0\u00bbwithout_pattern\u00a0\u00bb css=\u00a0\u00bb.vc_custom_1585933692362{padding-top: 50px !important;padding-bottom: 20px !important;}\u00a0\u00bb z_index=\u00a0\u00bb\u00a0\u00bb][vc_column][vc_column_text]<\/p>\n<h2>Autres formulaires utiles pour votre adh\u00e9sion.<\/h2>\n<p>[\/vc_column_text][\/vc_column][\/vc_row][vc_row css_animation=\u00a0\u00bb\u00a0\u00bb row_type=\u00a0\u00bbrow\u00a0\u00bb use_row_as_full_screen_section=\u00a0\u00bbno\u00a0\u00bb type=\u00a0\u00bbgrid\u00a0\u00bb angled_section=\u00a0\u00bbno\u00a0\u00bb text_align=\u00a0\u00bbleft\u00a0\u00bb background_image_as_pattern=\u00a0\u00bbwithout_pattern\u00a0\u00bb css=\u00a0\u00bb.vc_custom_1585739944015{padding-bottom: 40px !important;}\u00a0\u00bb z_index=\u00a0\u00bb\u00a0\u00bb][vc_column][vc_column_text css=\u00a0\u00bb.vc_custom_1586106238371{padding-top: 20px !important;}\u00a0\u00bb]<\/p>\n<p>Documents suppl\u00e9mentaires \u00e0 votre disposition&#160;: le mod\u00e8le de Certificat m\u00e9dical d\u2019Absence de Contre-Indication (CACI) pour votre m\u00e9decin, des documents consacr\u00e9s \u00e0 l&rsquo;environnement et \u00e0 la pr\u00e9servation du monde marin, les principales contre-indications m\u00e9dicales, ainsi que des pr\u00e9cisions sur les garanties d\u00e9livr\u00e9es par Assurdiving.<\/p>\n<p>[\/vc_column_text][\/vc_column][\/vc_row][vc_row css_animation=\u00a0\u00bb\u00a0\u00bb row_type=\u00a0\u00bbrow\u00a0\u00bb use_row_as_full_screen_section=\u00a0\u00bbno\u00a0\u00bb type=\u00a0\u00bbgrid\u00a0\u00bb angled_section=\u00a0\u00bbno\u00a0\u00bb text_align=\u00a0\u00bbleft\u00a0\u00bb background_image_as_pattern=\u00a0\u00bbwithout_pattern\u00a0\u00bb z_index=\u00a0\u00bb\u00a0\u00bb][vc_column width=\u00a0\u00bb2\/3&Prime; css=\u00a0\u00bb.vc_custom_1585750868231{padding-right: 50px !important;}\u00a0\u00bb][vc_row_inner row_type=\u00a0\u00bbrow\u00a0\u00bb type=\u00a0\u00bbfull_width\u00a0\u00bb text_align=\u00a0\u00bbleft\u00a0\u00bb css_animation=\u00a0\u00bb\u00a0\u00bb][vc_column_inner]<div class='q_icon_with_title tiny normal_icon '><div class=\"icon_holder \" style=\" \"><span data-icon-type=\"normal\"   style=\"\" class=\"qode_iwt_icon_holder q_font_awsome_icon fa-lg  \"><i class=\"qode_icon_font_awesome fa fa-file-pdf-o qode_iwt_icon_element\" style=\"color: #fb0218;\" ><\/i><\/span><\/div><div class=\"icon_text_holder\" style=\"\"><div class=\"icon_text_inner\" style=\"\"><h5 class=\"icon_title\" style=\"font-weight: 700;\">Charte Internationale du Plongeur Responsable<\/h5><p style=''>Guide \u00e9labor\u00e9 par Longitude181.org, adopt\u00e9 par la FFESSM. Pour une pr\u00e9servation et un partage \u00e9quitable des richesses de la mer, soyez responsables.<\/p><\/div><\/div><\/div><a  itemprop=\"url\" href=\"http:\/\/www.longitude181.fr\/pdf\/Charte-Francais.pdf\" target=\"_blank\"  class=\"qbutton  small white default\" style=\"margin: 0px 0px 0px 50px; \">T\u00e9l\u00e9charger<i class=\"qode_icon_font_awesome fa fa-download qode_button_icon_element\" style=\"\" ><\/i><\/a>[\/vc_column_inner][\/vc_row_inner][vc_row_inner row_type=\u00a0\u00bbrow\u00a0\u00bb type=\u00a0\u00bbfull_width\u00a0\u00bb text_align=\u00a0\u00bbleft\u00a0\u00bb css_animation=\u00a0\u00bb\u00a0\u00bb css=\u00a0\u00bb.vc_custom_1586156574709{padding-top: 30px !important;}\u00a0\u00bb][vc_column_inner]<div class='q_icon_with_title tiny normal_icon '><div class=\"icon_holder \" style=\" \"><span data-icon-type=\"normal\"   style=\"\" class=\"qode_iwt_icon_holder q_font_awsome_icon fa-lg  \"><i class=\"qode_icon_font_awesome fa fa-file-pdf-o qode_iwt_icon_element\" style=\"color: #fb0218;\" ><\/i><\/span><\/div><div class=\"icon_text_holder\" style=\"\"><div class=\"icon_text_inner\" style=\"\"><h5 class=\"icon_title\" style=\"font-weight: 700;\">Charte plong\u00e9e du Parc National des Calanques<\/h5><p style=''>Engagement volontaire \u00e0 adopter des comportements et des gestes favorisant le bon \u00e9tat environnemental des sites sous-marins.<\/p><\/div><\/div><\/div><a  itemprop=\"url\" href=\"http:\/\/www.calanques-parcnational.fr\/sites\/calanques-parcnational.fr\/files\/atoms\/files\/charte-plongee-parc-national-calanques-marseille-cassis-la-ciotat.pdf\" target=\"_blank\"  class=\"qbutton  small white default\" style=\"margin: 0px 0px 0px 50px; \">T\u00e9l\u00e9charger<i class=\"qode_icon_font_awesome fa fa-download qode_button_icon_element\" style=\"\" ><\/i><\/a>[\/vc_column_inner][\/vc_row_inner][vc_row_inner row_type=\u00a0\u00bbrow\u00a0\u00bb type=\u00a0\u00bbfull_width\u00a0\u00bb text_align=\u00a0\u00bbleft\u00a0\u00bb css_animation=\u00a0\u00bb\u00a0\u00bb css=\u00a0\u00bb.vc_custom_1585758364496{padding-top: 30px !important;}\u00a0\u00bb][vc_column_inner]<div class='q_icon_with_title tiny normal_icon '><div class=\"icon_holder \" style=\" \"><span data-icon-type=\"normal\"   style=\"\" class=\"qode_iwt_icon_holder q_font_awsome_icon fa-lg  \"><i class=\"qode_icon_font_awesome fa fa-file-pdf-o qode_iwt_icon_element\" style=\"color: #fb0218;\" ><\/i><\/span><\/div><div class=\"icon_text_holder\" style=\"\"><div class=\"icon_text_inner\" style=\"\"><h5 class=\"icon_title\" style=\"font-weight: 700;\">Certificat m\u00e9dical d\u2019Absence de Contre-Indication (CACI)<\/h5><p style=''>Certificat \u00e0 valider aupr\u00e8s de votre m\u00e9decin pour la pratique de toute activit\u00e9 subaquatique, \u00e0 renouveler tous les ans pour la plong\u00e9e en scaphandre.<\/p><\/div><\/div><\/div><a  itemprop=\"url\" href=\"https:\/\/aixplo.fr\/wp-content\/uploads\/CACI-2025.pdf\" target=\"_blank\"  class=\"qbutton  small white default\" style=\"margin: 0px 0px 0px 50px; \">T\u00e9l\u00e9charger<i class=\"qode_icon_font_awesome fa fa-download qode_button_icon_element\" style=\"\" ><\/i><\/a>[\/vc_column_inner][\/vc_row_inner][vc_row_inner row_type=\u00a0\u00bbrow\u00a0\u00bb type=\u00a0\u00bbfull_width\u00a0\u00bb text_align=\u00a0\u00bbleft\u00a0\u00bb css_animation=\u00a0\u00bb\u00a0\u00bb css=\u00a0\u00bb.vc_custom_1585758359813{padding-top: 30px !important;}\u00a0\u00bb][vc_column_inner]<div class='q_icon_with_title tiny normal_icon '><div class=\"icon_holder \" style=\" \"><span data-icon-type=\"normal\"   style=\"\" class=\"qode_iwt_icon_holder q_font_awsome_icon fa-lg  \"><i class=\"qode_icon_font_awesome fa fa-file-pdf-o qode_iwt_icon_element\" style=\"color: #fb0218;\" ><\/i><\/span><\/div><div class=\"icon_text_holder\" style=\"\"><div class=\"icon_text_inner\" style=\"\"><h5 class=\"icon_title\" style=\"font-weight: 700;\">Tableau des garanties LAFONT ASSURANCES<\/h5><p style=''>Toutes les garanties pour vos activit\u00e9s de plong\u00e9es et de sports subaquatiques. Assureur historique de la FFESSM.<\/p><\/div><\/div><\/div><a  itemprop=\"url\" href=\"https:\/\/aixplo.fr\/wp-content\/uploads\/Fiche-AIA_Licencie-FFESSM_LafontAssurances-2025-2026.pdf\" target=\"_blank\"  class=\"qbutton  small white default\" style=\"margin: 0px 0px 0px 50px; \">T\u00e9l\u00e9charger<i class=\"qode_icon_font_awesome fa fa-download qode_button_icon_element\" style=\"\" ><\/i><\/a>[\/vc_column_inner][\/vc_row_inner][vc_row_inner row_type=\u00a0\u00bbrow\u00a0\u00bb type=\u00a0\u00bbfull_width\u00a0\u00bb text_align=\u00a0\u00bbleft\u00a0\u00bb css_animation=\u00a0\u00bb\u00a0\u00bb css=\u00a0\u00bb.vc_custom_1585758364496{padding-top: 30px !important;}\u00a0\u00bb][vc_column_inner]<div class='q_icon_with_title tiny normal_icon '><div class=\"icon_holder \" style=\" \"><span data-icon-type=\"normal\"   style=\"\" class=\"qode_iwt_icon_holder q_font_awsome_icon fa-lg  \"><i class=\"qode_icon_font_awesome fa fa-file-pdf-o qode_iwt_icon_element\" style=\"color: #fb0218;\" ><\/i><\/span><\/div><div class=\"icon_text_holder\" style=\"\"><div class=\"icon_text_inner\" style=\"\"><h5 class=\"icon_title\" style=\"font-weight: 700;\">Contre-indications \u00e0 la plong\u00e9e en scaphandre<\/h5><p style=''>Liste indicative et non limitative des pathologies \u00e0 risque pour la pratique de la plong\u00e9e sous-marine. Dans tous les cas consulter un m\u00e9decin sp\u00e9cialis\u00e9.<\/p><\/div><\/div><\/div><a  itemprop=\"url\" href=\"https:\/\/aixplo.fr\/wp-content\/uploads\/Fiche-AIA_Licencie-FFESSM_LafontAssurances-2025-2026.pdf\" target=\"_blank\"  class=\"qbutton  small white default\" style=\"margin: 0px 0px 0px 50px; \">T\u00e9l\u00e9charger<i class=\"qode_icon_font_awesome fa fa-download qode_button_icon_element\" style=\"\" ><\/i><\/a>[\/vc_column_inner][\/vc_row_inner][\/vc_column][vc_column width=\u00a0\u00bb1\/3&Prime; css=\u00a0\u00bb.vc_custom_1585760564748{padding-top: 40px !important;}\u00a0\u00bb][vc_single_image image=\u00a0\u00bb2235&Prime; img_size=\u00a0\u00bbfull\u00a0\u00bb alignment=\u00a0\u00bbright\u00a0\u00bb onclick=\u00a0\u00bbcustom_link\u00a0\u00bb img_link_target=\u00a0\u00bb_blank\u00a0\u00bb qode_css_animation=\u00a0\u00bb\u00a0\u00bb link=\u00a0\u00bbhttps:\/\/www.longitude181.org\/wp-content\/uploads\/2018\/03\/181_charte_FR_2017_HD.jpg\u00a0\u00bb][vc_single_image image=\u00a0\u00bb2236&Prime; img_size=\u00a0\u00bbfull\u00a0\u00bb alignment=\u00a0\u00bbright\u00a0\u00bb onclick=\u00a0\u00bbcustom_link\u00a0\u00bb img_link_target=\u00a0\u00bb_blank\u00a0\u00bb qode_css_animation=\u00a0\u00bb\u00a0\u00bb link=\u00a0\u00bb\/wp-content\/uploads\/charte_plong\u00e9e_parc_national_des_calanques.jpg\u00a0\u00bb][\/vc_column][\/vc_row][vc_row css_animation=\u00a0\u00bb\u00a0\u00bb row_type=\u00a0\u00bbrow\u00a0\u00bb use_row_as_full_screen_section=\u00a0\u00bbno\u00a0\u00bb type=\u00a0\u00bbgrid\u00a0\u00bb angled_section=\u00a0\u00bbno\u00a0\u00bb text_align=\u00a0\u00bbleft\u00a0\u00bb background_image_as_pattern=\u00a0\u00bbwithout_pattern\u00a0\u00bb css=\u00a0\u00bb.vc_custom_1585739944015{padding-bottom: 40px !important;}\u00a0\u00bb z_index=\u00a0\u00bb\u00a0\u00bb][vc_column][vc_empty_space height=\u00a0\u00bb50px\u00a0\u00bb][\/vc_column][\/vc_row]<\/p>\n","protected":false},"excerpt":{"rendered":"<p>[vc_row css_animation=\u00a0\u00bb\u00a0\u00bb row_type=\u00a0\u00bbrow\u00a0\u00bb use_row_as_full_screen_section=\u00a0\u00bbno\u00a0\u00bb type=\u00a0\u00bbgrid\u00a0\u00bb angled_section=\u00a0\u00bbno\u00a0\u00bb text_align=\u00a0\u00bbleft\u00a0\u00bb background_image_as_pattern=\u00a0\u00bbwithout_pattern\u00a0\u00bb css=\u00a0\u00bb.vc_custom_1585739922380{padding-top: 50px !important;padding-bottom: 20px !important;}\u00a0\u00bb z_index=\u00a0\u00bb\u00a0\u00bb][vc_column][vc_column_text] Les documents et formulaires utiles du club. [\/vc_column_text][\/vc_column][\/vc_row][vc_row css_animation=\u00a0\u00bb\u00a0\u00bb row_type=\u00a0\u00bbrow\u00a0\u00bb use_row_as_full_screen_section=\u00a0\u00bbno\u00a0\u00bb type=\u00a0\u00bbgrid\u00a0\u00bb angled_section=\u00a0\u00bbno\u00a0\u00bb text_align=\u00a0\u00bbleft\u00a0\u00bb background_image_as_pattern=\u00a0\u00bbwithout_pattern\u00a0\u00bb css=\u00a0\u00bb.vc_custom_1585761782616{padding-bottom: 50px !important;}\u00a0\u00bb z_index=\u00a0\u00bb\u00a0\u00bb][vc_column][vc_column_text css=\u00a0\u00bb.vc_custom_1721280940416{padding-top: 20px !important;}\u00a0\u00bb]Pour toutes les nouvelles inscriptions&#160;: Vous trouverez ci-dessous l&rsquo;ensemble des documents et des attestations que&#8230;<\/p>\n","protected":false},"author":5,"featured_media":0,"parent":0,"menu_order":6,"comment_status":"closed","ping_status":"closed","template":"full_width.php","meta":{"advgb_blocks_editor_width":"","advgb_blocks_columns_visual_guide":"","_monsterinsights_skip_tracking":false,"_monsterinsights_sitenote_active":false,"_monsterinsights_sitenote_note":"","_monsterinsights_sitenote_category":0,"footnotes":""},"class_list":["post-822","page","type-page","status-publish","hentry"],"yoast_head":"<!-- This site is optimized with the Yoast SEO plugin v27.4 - https:\/\/yoast.com\/product\/yoast-seo-wordpress\/ -->\n<title>Les formulaires d&#039;inscription AIXPLO : Rejoignez notre club !<\/title>\n<meta name=\"description\" content=\"D\u00e9couvrez nos formulaires d&#039;adh\u00e9sion et inscrivez-vous au club de plong\u00e9e d\u00e8s aujourd&#039;hui ! Rejoignez-nous pour des exp\u00e9riences inoubliables.\" \/>\n<meta name=\"robots\" content=\"index, follow, max-snippet:-1, max-image-preview:large, max-video-preview:-1\" \/>\n<link rel=\"canonical\" href=\"https:\/\/www.aixplo.fr\/?page_id=822\" \/>\n<meta property=\"og:locale\" content=\"fr_FR\" \/>\n<meta property=\"og:type\" content=\"article\" \/>\n<meta property=\"og:title\" content=\"Les formulaires d&#039;inscription AIXPLO : Rejoignez notre club !\" \/>\n<meta property=\"og:description\" content=\"D\u00e9couvrez nos formulaires d&#039;adh\u00e9sion et inscrivez-vous au club de plong\u00e9e d\u00e8s aujourd&#039;hui ! Rejoignez-nous pour des exp\u00e9riences inoubliables.\" \/>\n<meta property=\"og:url\" content=\"https:\/\/www.aixplo.fr\/?page_id=822\" \/>\n<meta property=\"og:site_name\" content=\"AixPlo - Aix-en-Provence Plong\u00e9e\" \/>\n<meta property=\"article:publisher\" content=\"https:\/\/www.facebook.com\/groups\/616103478484270\" \/>\n<meta property=\"article:modified_time\" content=\"2025-12-15T07:15:12+00:00\" \/>\n<meta property=\"og:image\" content=\"https:\/\/www.aixplo.fr\/wp-content\/uploads\/actualite_aixplo.jpg\" \/>\n\t<meta property=\"og:image:width\" content=\"1030\" \/>\n\t<meta property=\"og:image:height\" content=\"600\" \/>\n\t<meta property=\"og:image:type\" content=\"image\/jpeg\" \/>\n<meta name=\"twitter:card\" content=\"summary_large_image\" \/>\n<meta name=\"twitter:site\" content=\"@AixPlo_Plongee\" \/>\n<meta name=\"twitter:label1\" content=\"Dur\u00e9e de lecture estim\u00e9e\" \/>\n\t<meta name=\"twitter:data1\" content=\"3 minutes\" \/>\n<script type=\"application\/ld+json\" class=\"yoast-schema-graph\">{\"@context\":\"https:\\\/\\\/schema.org\",\"@graph\":[{\"@type\":\"WebPage\",\"@id\":\"https:\\\/\\\/www.aixplo.fr\\\/?page_id=822\",\"url\":\"https:\\\/\\\/www.aixplo.fr\\\/?page_id=822\",\"name\":\"Les formulaires d'inscription AIXPLO : Rejoignez notre club !\",\"isPartOf\":{\"@id\":\"https:\\\/\\\/www.aixplo.fr\\\/#website\"},\"datePublished\":\"2020-03-24T16:14:18+00:00\",\"dateModified\":\"2025-12-15T07:15:12+00:00\",\"description\":\"D\u00e9couvrez nos formulaires d'adh\u00e9sion et inscrivez-vous au club de plong\u00e9e d\u00e8s aujourd'hui ! Rejoignez-nous pour des exp\u00e9riences inoubliables.\",\"breadcrumb\":{\"@id\":\"https:\\\/\\\/www.aixplo.fr\\\/?page_id=822#breadcrumb\"},\"inLanguage\":\"fr-FR\",\"potentialAction\":[{\"@type\":\"ReadAction\",\"target\":[\"https:\\\/\\\/www.aixplo.fr\\\/?page_id=822\"]}]},{\"@type\":\"BreadcrumbList\",\"@id\":\"https:\\\/\\\/www.aixplo.fr\\\/?page_id=822#breadcrumb\",\"itemListElement\":[{\"@type\":\"ListItem\",\"position\":1,\"name\":\"Accueil\",\"item\":\"https:\\\/\\\/www.aixplo.fr\\\/\"},{\"@type\":\"ListItem\",\"position\":2,\"name\":\"Les documents utiles AixPlo &#8211; Aix-en-Provence Plong\u00e9e\"}]},{\"@type\":\"WebSite\",\"@id\":\"https:\\\/\\\/www.aixplo.fr\\\/#website\",\"url\":\"https:\\\/\\\/www.aixplo.fr\\\/\",\"name\":\"AixPlo - Aix-en-Provence Plong\u00e9e\",\"description\":\"\",\"publisher\":{\"@id\":\"https:\\\/\\\/www.aixplo.fr\\\/#organization\"},\"potentialAction\":[{\"@type\":\"SearchAction\",\"target\":{\"@type\":\"EntryPoint\",\"urlTemplate\":\"https:\\\/\\\/www.aixplo.fr\\\/?s={search_term_string}\"},\"query-input\":{\"@type\":\"PropertyValueSpecification\",\"valueRequired\":true,\"valueName\":\"search_term_string\"}}],\"inLanguage\":\"fr-FR\"},{\"@type\":\"Organization\",\"@id\":\"https:\\\/\\\/www.aixplo.fr\\\/#organization\",\"name\":\"AixPlo Aix-en-Provence Plong\u00e9e\",\"url\":\"https:\\\/\\\/www.aixplo.fr\\\/\",\"logo\":{\"@type\":\"ImageObject\",\"inLanguage\":\"fr-FR\",\"@id\":\"https:\\\/\\\/www.aixplo.fr\\\/#\\\/schema\\\/logo\\\/image\\\/\",\"url\":\"https:\\\/\\\/aixplo.fr\\\/wp-content\\\/uploads\\\/logo_aixplo.png\",\"contentUrl\":\"https:\\\/\\\/aixplo.fr\\\/wp-content\\\/uploads\\\/logo_aixplo.png\",\"width\":300,\"height\":300,\"caption\":\"AixPlo Aix-en-Provence Plong\u00e9e\"},\"image\":{\"@id\":\"https:\\\/\\\/www.aixplo.fr\\\/#\\\/schema\\\/logo\\\/image\\\/\"},\"sameAs\":[\"https:\\\/\\\/www.facebook.com\\\/groups\\\/616103478484270\",\"https:\\\/\\\/x.com\\\/AixPlo_Plongee\",\"https:\\\/\\\/www.instagram.com\\\/aixplo.asso\",\"https:\\\/\\\/www.youtube.com\\\/channel\\\/UCgGbHJPu2zRfOyX09x-v16Q\"]}]}<\/script>\n<!-- \/ Yoast SEO plugin. -->","yoast_head_json":{"title":"Les formulaires d'inscription AIXPLO : Rejoignez notre club !","description":"D\u00e9couvrez nos formulaires d'adh\u00e9sion et inscrivez-vous au club de plong\u00e9e d\u00e8s aujourd'hui ! Rejoignez-nous pour des exp\u00e9riences inoubliables.","robots":{"index":"index","follow":"follow","max-snippet":"max-snippet:-1","max-image-preview":"max-image-preview:large","max-video-preview":"max-video-preview:-1"},"canonical":"https:\/\/www.aixplo.fr\/?page_id=822","og_locale":"fr_FR","og_type":"article","og_title":"Les formulaires d'inscription AIXPLO : Rejoignez notre club !","og_description":"D\u00e9couvrez nos formulaires d'adh\u00e9sion et inscrivez-vous au club de plong\u00e9e d\u00e8s aujourd'hui ! Rejoignez-nous pour des exp\u00e9riences inoubliables.","og_url":"https:\/\/www.aixplo.fr\/?page_id=822","og_site_name":"AixPlo - Aix-en-Provence Plong\u00e9e","article_publisher":"https:\/\/www.facebook.com\/groups\/616103478484270","article_modified_time":"2025-12-15T07:15:12+00:00","og_image":[{"width":1030,"height":600,"url":"https:\/\/www.aixplo.fr\/wp-content\/uploads\/actualite_aixplo.jpg","type":"image\/jpeg"}],"twitter_card":"summary_large_image","twitter_site":"@AixPlo_Plongee","twitter_misc":{"Dur\u00e9e de lecture estim\u00e9e":"3 minutes"},"schema":{"@context":"https:\/\/schema.org","@graph":[{"@type":"WebPage","@id":"https:\/\/www.aixplo.fr\/?page_id=822","url":"https:\/\/www.aixplo.fr\/?page_id=822","name":"Les formulaires d'inscription AIXPLO : Rejoignez notre club !","isPartOf":{"@id":"https:\/\/www.aixplo.fr\/#website"},"datePublished":"2020-03-24T16:14:18+00:00","dateModified":"2025-12-15T07:15:12+00:00","description":"D\u00e9couvrez nos formulaires d'adh\u00e9sion et inscrivez-vous au club de plong\u00e9e d\u00e8s aujourd'hui ! Rejoignez-nous pour des exp\u00e9riences inoubliables.","breadcrumb":{"@id":"https:\/\/www.aixplo.fr\/?page_id=822#breadcrumb"},"inLanguage":"fr-FR","potentialAction":[{"@type":"ReadAction","target":["https:\/\/www.aixplo.fr\/?page_id=822"]}]},{"@type":"BreadcrumbList","@id":"https:\/\/www.aixplo.fr\/?page_id=822#breadcrumb","itemListElement":[{"@type":"ListItem","position":1,"name":"Accueil","item":"https:\/\/www.aixplo.fr\/"},{"@type":"ListItem","position":2,"name":"Les documents utiles AixPlo &#8211; Aix-en-Provence Plong\u00e9e"}]},{"@type":"WebSite","@id":"https:\/\/www.aixplo.fr\/#website","url":"https:\/\/www.aixplo.fr\/","name":"AixPlo - Aix-en-Provence Plong\u00e9e","description":"","publisher":{"@id":"https:\/\/www.aixplo.fr\/#organization"},"potentialAction":[{"@type":"SearchAction","target":{"@type":"EntryPoint","urlTemplate":"https:\/\/www.aixplo.fr\/?s={search_term_string}"},"query-input":{"@type":"PropertyValueSpecification","valueRequired":true,"valueName":"search_term_string"}}],"inLanguage":"fr-FR"},{"@type":"Organization","@id":"https:\/\/www.aixplo.fr\/#organization","name":"AixPlo Aix-en-Provence Plong\u00e9e","url":"https:\/\/www.aixplo.fr\/","logo":{"@type":"ImageObject","inLanguage":"fr-FR","@id":"https:\/\/www.aixplo.fr\/#\/schema\/logo\/image\/","url":"https:\/\/aixplo.fr\/wp-content\/uploads\/logo_aixplo.png","contentUrl":"https:\/\/aixplo.fr\/wp-content\/uploads\/logo_aixplo.png","width":300,"height":300,"caption":"AixPlo Aix-en-Provence Plong\u00e9e"},"image":{"@id":"https:\/\/www.aixplo.fr\/#\/schema\/logo\/image\/"},"sameAs":["https:\/\/www.facebook.com\/groups\/616103478484270","https:\/\/x.com\/AixPlo_Plongee","https:\/\/www.instagram.com\/aixplo.asso","https:\/\/www.youtube.com\/channel\/UCgGbHJPu2zRfOyX09x-v16Q"]}]}},"coauthors":[],"author_meta":{"author_link":"https:\/\/www.aixplo.fr\/?author=5","display_name":"Olivier"},"relative_dates":{"created":"Publi\u00e9 6 ans il y a","modified":"Mis \u00e0 jour 4 mois il y a"},"absolute_dates":{"created":"Publi\u00e9 le 24 mars 2020","modified":"Mise \u00e0 jour le 15 d\u00e9cembre 2025"},"absolute_dates_time":{"created":"Publi\u00e9 le 24 mars 2020 17 h 14 min","modified":"Mise \u00e0 jour le 15 d\u00e9cembre 2025 8 h 15 min"},"featured_img_caption":"","featured_img":false,"series_order":"","_links":{"self":[{"href":"https:\/\/www.aixplo.fr\/index.php?rest_route=\/wp\/v2\/pages\/822","targetHints":{"allow":["GET"]}}],"collection":[{"href":"https:\/\/www.aixplo.fr\/index.php?rest_route=\/wp\/v2\/pages"}],"about":[{"href":"https:\/\/www.aixplo.fr\/index.php?rest_route=\/wp\/v2\/types\/page"}],"author":[{"embeddable":true,"href":"https:\/\/www.aixplo.fr\/index.php?rest_route=\/wp\/v2\/users\/5"}],"replies":[{"embeddable":true,"href":"https:\/\/www.aixplo.fr\/index.php?rest_route=%2Fwp%2Fv2%2Fcomments&post=822"}],"version-history":[{"count":145,"href":"https:\/\/www.aixplo.fr\/index.php?rest_route=\/wp\/v2\/pages\/822\/revisions"}],"predecessor-version":[{"id":4670,"href":"https:\/\/www.aixplo.fr\/index.php?rest_route=\/wp\/v2\/pages\/822\/revisions\/4670"}],"wp:attachment":[{"href":"https:\/\/www.aixplo.fr\/index.php?rest_route=%2Fwp%2Fv2%2Fmedia&parent=822"}],"curies":[{"name":"wp","href":"https:\/\/api.w.org\/{rel}","templated":true}]}}