{"id":493,"date":"2020-03-22T11:21:26","date_gmt":"2020-03-22T10:21:26","guid":{"rendered":"https:\/\/www.aixplo.fr\/?page_id=493"},"modified":"2022-08-20T19:43:49","modified_gmt":"2022-08-20T17:43:49","slug":"actualites-aixplo-aix-en-provence-plongee","status":"publish","type":"page","link":"https:\/\/www.aixplo.fr\/?page_id=493","title":{"rendered":"Actualit\u00e9s AixPlo \u2013 Aix-en-Provence Plong\u00e9e"},"content":{"rendered":"<p>[vc_row css_animation=\u00a0\u00bb\u00a0\u00bb row_type=\u00a0\u00bbrow\u00a0\u00bb use_row_as_full_screen_section=\u00a0\u00bbno\u00a0\u00bb type=\u00a0\u00bbfull_width\u00a0\u00bb angled_section=\u00a0\u00bbno\u00a0\u00bb text_align=\u00a0\u00bbleft\u00a0\u00bb background_image_as_pattern=\u00a0\u00bbwithout_pattern\u00a0\u00bb css=\u00a0\u00bb.vc_custom_1584887804876{padding-bottom: 40px !important;}\u00a0\u00bb z_index=\u00a0\u00bb\u00a0\u00bb][vc_column][vc_column_text]<\/p>\n<h1>Les actualit\u00e9s du club, c&rsquo;est par ici&#160;!<\/h1>\n<p>[\/vc_column_text][vc_column_text css=\u00a0\u00bb.vc_custom_1586114197849{padding-top: 20px !important;}\u00a0\u00bb]<\/p>\n<p>Bienvenue sur les actus plong\u00e9es d&rsquo;AixPlo&#160;! Cet espace est pour vous, nous partagerons r\u00e9guli\u00e8rement ici toutes sortes d&rsquo;informations autour de nos activit\u00e9s subaquatiques, les \u00e9v\u00e9nements du club, les sorties bateaux, les remises de dipl\u00f4mes, toutes nos aventures autour de l&rsquo;eau, et m\u00eame les ap\u00e9ros&#8230; Bonne lecture les amis&#160;!<\/p>\n<p>[\/vc_column_text][vc_empty_space height=\u00a0\u00bb50px\u00a0\u00bb][\/vc_column][\/vc_row]<\/p>\n","protected":false},"excerpt":{"rendered":"<p>[vc_row css_animation=\u00a0\u00bb\u00a0\u00bb row_type=\u00a0\u00bbrow\u00a0\u00bb use_row_as_full_screen_section=\u00a0\u00bbno\u00a0\u00bb type=\u00a0\u00bbfull_width\u00a0\u00bb angled_section=\u00a0\u00bbno\u00a0\u00bb text_align=\u00a0\u00bbleft\u00a0\u00bb background_image_as_pattern=\u00a0\u00bbwithout_pattern\u00a0\u00bb css=\u00a0\u00bb.vc_custom_1584887804876{padding-bottom: 40px !important;}\u00a0\u00bb z_index=\u00a0\u00bb\u00a0\u00bb][vc_column][vc_column_text] Les actualit\u00e9s du club, c&rsquo;est par ici&#160;! [\/vc_column_text][vc_column_text css=\u00a0\u00bb.vc_custom_1586114197849{padding-top: 20px !important;}\u00a0\u00bb] Bienvenue sur les actus plong\u00e9es d&rsquo;AixPlo&#160;! Cet espace est pour vous, nous partagerons r\u00e9guli\u00e8rement ici toutes sortes d&rsquo;informations autour de nos activit\u00e9s subaquatiques, les \u00e9v\u00e9nements du club,&#8230;<\/p>\n","protected":false},"author":5,"featured_media":0,"parent":0,"menu_order":3,"comment_status":"closed","ping_status":"closed","template":"blog-masonry.php","meta":{"advgb_blocks_editor_width":"","advgb_blocks_columns_visual_guide":"","_monsterinsights_skip_tracking":false,"_monsterinsights_sitenote_active":false,"_monsterinsights_sitenote_note":"","_monsterinsights_sitenote_category":0,"footnotes":""},"class_list":["post-493","page","type-page","status-publish","hentry"],"yoast_head":"<!-- This site is optimized with the Yoast SEO plugin v27.4 - https:\/\/yoast.com\/product\/yoast-seo-wordpress\/ -->\n<title>Actualit\u00e9s AixPlo \u2013 Aix-en-Provence Plong\u00e9e - AixPlo - Aix-en-Provence Plong\u00e9e<\/title>\n<meta name=\"description\" content=\"La vie du club, les \u00e9v\u00e9nements associatifs, les formations, les voyages, les stages et l&#039;organisation de la saison sportive.\" \/>\n<meta name=\"robots\" content=\"index, follow, max-snippet:-1, max-image-preview:large, max-video-preview:-1\" \/>\n<link rel=\"canonical\" href=\"https:\/\/www.aixplo.fr\/?page_id=493\" \/>\n<meta property=\"og:locale\" content=\"fr_FR\" \/>\n<meta property=\"og:type\" content=\"article\" \/>\n<meta property=\"og:title\" content=\"Actualit\u00e9s AixPlo \u2013 Aix-en-Provence Plong\u00e9e - AixPlo - Aix-en-Provence Plong\u00e9e\" \/>\n<meta property=\"og:description\" content=\"La vie du club, les \u00e9v\u00e9nements associatifs, les formations, les voyages, les stages et l&#039;organisation de la saison sportive.\" \/>\n<meta property=\"og:url\" content=\"https:\/\/www.aixplo.fr\/?page_id=493\" \/>\n<meta property=\"og:site_name\" content=\"AixPlo - Aix-en-Provence Plong\u00e9e\" \/>\n<meta property=\"article:publisher\" content=\"https:\/\/www.facebook.com\/groups\/616103478484270\" \/>\n<meta property=\"article:modified_time\" content=\"2022-08-20T17:43:49+00:00\" \/>\n<meta property=\"og:image\" content=\"https:\/\/www.aixplo.fr\/wp-content\/uploads\/actualite_aixplo.jpg\" \/>\n\t<meta property=\"og:image:width\" content=\"1030\" \/>\n\t<meta property=\"og:image:height\" content=\"600\" \/>\n\t<meta property=\"og:image:type\" content=\"image\/jpeg\" \/>\n<meta name=\"twitter:card\" content=\"summary_large_image\" \/>\n<meta name=\"twitter:site\" content=\"@AixPlo_Plongee\" \/>\n<meta name=\"twitter:label1\" content=\"Dur\u00e9e de lecture estim\u00e9e\" \/>\n\t<meta name=\"twitter:data1\" content=\"1 minute\" \/>\n<script type=\"application\/ld+json\" class=\"yoast-schema-graph\">{\"@context\":\"https:\\\/\\\/schema.org\",\"@graph\":[{\"@type\":\"WebPage\",\"@id\":\"https:\\\/\\\/www.aixplo.fr\\\/?page_id=493\",\"url\":\"https:\\\/\\\/www.aixplo.fr\\\/?page_id=493\",\"name\":\"Actualit\u00e9s AixPlo \u2013 Aix-en-Provence Plong\u00e9e - AixPlo - Aix-en-Provence Plong\u00e9e\",\"isPartOf\":{\"@id\":\"https:\\\/\\\/www.aixplo.fr\\\/#website\"},\"datePublished\":\"2020-03-22T10:21:26+00:00\",\"dateModified\":\"2022-08-20T17:43:49+00:00\",\"description\":\"La vie du club, les \u00e9v\u00e9nements associatifs, les formations, les voyages, les stages et l'organisation de la saison sportive.\",\"breadcrumb\":{\"@id\":\"https:\\\/\\\/www.aixplo.fr\\\/?page_id=493#breadcrumb\"},\"inLanguage\":\"fr-FR\",\"potentialAction\":[{\"@type\":\"ReadAction\",\"target\":[\"https:\\\/\\\/www.aixplo.fr\\\/?page_id=493\"]}]},{\"@type\":\"BreadcrumbList\",\"@id\":\"https:\\\/\\\/www.aixplo.fr\\\/?page_id=493#breadcrumb\",\"itemListElement\":[{\"@type\":\"ListItem\",\"position\":1,\"name\":\"Accueil\",\"item\":\"https:\\\/\\\/www.aixplo.fr\\\/\"},{\"@type\":\"ListItem\",\"position\":2,\"name\":\"Actualit\u00e9s AixPlo \u2013 Aix-en-Provence Plong\u00e9e\"}]},{\"@type\":\"WebSite\",\"@id\":\"https:\\\/\\\/www.aixplo.fr\\\/#website\",\"url\":\"https:\\\/\\\/www.aixplo.fr\\\/\",\"name\":\"AixPlo - Aix-en-Provence Plong\u00e9e\",\"description\":\"\",\"publisher\":{\"@id\":\"https:\\\/\\\/www.aixplo.fr\\\/#organization\"},\"potentialAction\":[{\"@type\":\"SearchAction\",\"target\":{\"@type\":\"EntryPoint\",\"urlTemplate\":\"https:\\\/\\\/www.aixplo.fr\\\/?s={search_term_string}\"},\"query-input\":{\"@type\":\"PropertyValueSpecification\",\"valueRequired\":true,\"valueName\":\"search_term_string\"}}],\"inLanguage\":\"fr-FR\"},{\"@type\":\"Organization\",\"@id\":\"https:\\\/\\\/www.aixplo.fr\\\/#organization\",\"name\":\"AixPlo Aix-en-Provence Plong\u00e9e\",\"url\":\"https:\\\/\\\/www.aixplo.fr\\\/\",\"logo\":{\"@type\":\"ImageObject\",\"inLanguage\":\"fr-FR\",\"@id\":\"https:\\\/\\\/www.aixplo.fr\\\/#\\\/schema\\\/logo\\\/image\\\/\",\"url\":\"https:\\\/\\\/aixplo.fr\\\/wp-content\\\/uploads\\\/logo_aixplo.png\",\"contentUrl\":\"https:\\\/\\\/aixplo.fr\\\/wp-content\\\/uploads\\\/logo_aixplo.png\",\"width\":300,\"height\":300,\"caption\":\"AixPlo Aix-en-Provence Plong\u00e9e\"},\"image\":{\"@id\":\"https:\\\/\\\/www.aixplo.fr\\\/#\\\/schema\\\/logo\\\/image\\\/\"},\"sameAs\":[\"https:\\\/\\\/www.facebook.com\\\/groups\\\/616103478484270\",\"https:\\\/\\\/x.com\\\/AixPlo_Plongee\",\"https:\\\/\\\/www.instagram.com\\\/aixplo.asso\",\"https:\\\/\\\/www.youtube.com\\\/channel\\\/UCgGbHJPu2zRfOyX09x-v16Q\"]}]}<\/script>\n<!-- \/ Yoast SEO plugin. -->","yoast_head_json":{"title":"Actualit\u00e9s AixPlo \u2013 Aix-en-Provence Plong\u00e9e - AixPlo - Aix-en-Provence Plong\u00e9e","description":"La vie du club, les \u00e9v\u00e9nements associatifs, les formations, les voyages, les stages et l'organisation de la saison sportive.","robots":{"index":"index","follow":"follow","max-snippet":"max-snippet:-1","max-image-preview":"max-image-preview:large","max-video-preview":"max-video-preview:-1"},"canonical":"https:\/\/www.aixplo.fr\/?page_id=493","og_locale":"fr_FR","og_type":"article","og_title":"Actualit\u00e9s AixPlo \u2013 Aix-en-Provence Plong\u00e9e - AixPlo - Aix-en-Provence Plong\u00e9e","og_description":"La vie du club, les \u00e9v\u00e9nements associatifs, les formations, les voyages, les stages et l'organisation de la saison sportive.","og_url":"https:\/\/www.aixplo.fr\/?page_id=493","og_site_name":"AixPlo - Aix-en-Provence Plong\u00e9e","article_publisher":"https:\/\/www.facebook.com\/groups\/616103478484270","article_modified_time":"2022-08-20T17:43:49+00:00","og_image":[{"width":1030,"height":600,"url":"https:\/\/www.aixplo.fr\/wp-content\/uploads\/actualite_aixplo.jpg","type":"image\/jpeg"}],"twitter_card":"summary_large_image","twitter_site":"@AixPlo_Plongee","twitter_misc":{"Dur\u00e9e de lecture estim\u00e9e":"1 minute"},"schema":{"@context":"https:\/\/schema.org","@graph":[{"@type":"WebPage","@id":"https:\/\/www.aixplo.fr\/?page_id=493","url":"https:\/\/www.aixplo.fr\/?page_id=493","name":"Actualit\u00e9s AixPlo \u2013 Aix-en-Provence Plong\u00e9e - AixPlo - Aix-en-Provence Plong\u00e9e","isPartOf":{"@id":"https:\/\/www.aixplo.fr\/#website"},"datePublished":"2020-03-22T10:21:26+00:00","dateModified":"2022-08-20T17:43:49+00:00","description":"La vie du club, les \u00e9v\u00e9nements associatifs, les formations, les voyages, les stages et l'organisation de la saison sportive.","breadcrumb":{"@id":"https:\/\/www.aixplo.fr\/?page_id=493#breadcrumb"},"inLanguage":"fr-FR","potentialAction":[{"@type":"ReadAction","target":["https:\/\/www.aixplo.fr\/?page_id=493"]}]},{"@type":"BreadcrumbList","@id":"https:\/\/www.aixplo.fr\/?page_id=493#breadcrumb","itemListElement":[{"@type":"ListItem","position":1,"name":"Accueil","item":"https:\/\/www.aixplo.fr\/"},{"@type":"ListItem","position":2,"name":"Actualit\u00e9s AixPlo \u2013 Aix-en-Provence Plong\u00e9e"}]},{"@type":"WebSite","@id":"https:\/\/www.aixplo.fr\/#website","url":"https:\/\/www.aixplo.fr\/","name":"AixPlo - Aix-en-Provence Plong\u00e9e","description":"","publisher":{"@id":"https:\/\/www.aixplo.fr\/#organization"},"potentialAction":[{"@type":"SearchAction","target":{"@type":"EntryPoint","urlTemplate":"https:\/\/www.aixplo.fr\/?s={search_term_string}"},"query-input":{"@type":"PropertyValueSpecification","valueRequired":true,"valueName":"search_term_string"}}],"inLanguage":"fr-FR"},{"@type":"Organization","@id":"https:\/\/www.aixplo.fr\/#organization","name":"AixPlo Aix-en-Provence Plong\u00e9e","url":"https:\/\/www.aixplo.fr\/","logo":{"@type":"ImageObject","inLanguage":"fr-FR","@id":"https:\/\/www.aixplo.fr\/#\/schema\/logo\/image\/","url":"https:\/\/aixplo.fr\/wp-content\/uploads\/logo_aixplo.png","contentUrl":"https:\/\/aixplo.fr\/wp-content\/uploads\/logo_aixplo.png","width":300,"height":300,"caption":"AixPlo Aix-en-Provence Plong\u00e9e"},"image":{"@id":"https:\/\/www.aixplo.fr\/#\/schema\/logo\/image\/"},"sameAs":["https:\/\/www.facebook.com\/groups\/616103478484270","https:\/\/x.com\/AixPlo_Plongee","https:\/\/www.instagram.com\/aixplo.asso","https:\/\/www.youtube.com\/channel\/UCgGbHJPu2zRfOyX09x-v16Q"]}]}},"coauthors":[],"author_meta":{"author_link":"https:\/\/www.aixplo.fr\/?author=5","display_name":"Olivier"},"relative_dates":{"created":"Publi\u00e9 6 ans il y a","modified":"Mis \u00e0 jour 4 ans il y a"},"absolute_dates":{"created":"Publi\u00e9 le 22 mars 2020","modified":"Mise \u00e0 jour le 20 ao\u00fbt 2022"},"absolute_dates_time":{"created":"Publi\u00e9 le 22 mars 2020 11 h 21 min","modified":"Mise \u00e0 jour le 20 ao\u00fbt 2022 19 h 43 min"},"featured_img_caption":"","featured_img":false,"series_order":"","_links":{"self":[{"href":"https:\/\/www.aixplo.fr\/index.php?rest_route=\/wp\/v2\/pages\/493","targetHints":{"allow":["GET"]}}],"collection":[{"href":"https:\/\/www.aixplo.fr\/index.php?rest_route=\/wp\/v2\/pages"}],"about":[{"href":"https:\/\/www.aixplo.fr\/index.php?rest_route=\/wp\/v2\/types\/page"}],"author":[{"embeddable":true,"href":"https:\/\/www.aixplo.fr\/index.php?rest_route=\/wp\/v2\/users\/5"}],"replies":[{"embeddable":true,"href":"https:\/\/www.aixplo.fr\/index.php?rest_route=%2Fwp%2Fv2%2Fcomments&post=493"}],"version-history":[{"count":37,"href":"https:\/\/www.aixplo.fr\/index.php?rest_route=\/wp\/v2\/pages\/493\/revisions"}],"predecessor-version":[{"id":4585,"href":"https:\/\/www.aixplo.fr\/index.php?rest_route=\/wp\/v2\/pages\/493\/revisions\/4585"}],"wp:attachment":[{"href":"https:\/\/www.aixplo.fr\/index.php?rest_route=%2Fwp%2Fv2%2Fmedia&parent=493"}],"curies":[{"name":"wp","href":"https:\/\/api.w.org\/{rel}","templated":true}]}}